{"id":213,"date":"2020-04-13T11:18:54","date_gmt":"2020-04-13T11:18:54","guid":{"rendered":"https:\/\/charlesfequiere.com\/index.php\/home\/"},"modified":"2025-08-21T01:15:32","modified_gmt":"2025-08-21T01:15:32","slug":"home","status":"publish","type":"page","link":"https:\/\/charlesfequiere.com\/","title":{"rendered":"A Propos"},"content":{"rendered":"\t\t<div data-elementor-type=\"wp-page\" data-elementor-id=\"213\" class=\"elementor elementor-213\">\n\t\t\t\t\t\t<section class=\"elementor-section elementor-top-section elementor-element elementor-element-5939a86c elementor-section-height-min-height elementor-section-boxed elementor-section-height-default elementor-section-items-middle\" data-id=\"5939a86c\" data-element_type=\"section\" data-settings=\"{&quot;background_background&quot;:&quot;slideshow&quot;,&quot;background_slideshow_gallery&quot;:[{&quot;id&quot;:626,&quot;url&quot;:&quot;http:\\\/\\\/charlesfequiere.com\\\/wp-content\\\/uploads\\\/2022\\\/11\\\/pub-wordpress-eau-3-1.jpg&quot;},{&quot;id&quot;:648,&quot;url&quot;:&quot;http:\\\/\\\/charlesfequiere.com\\\/wp-content\\\/uploads\\\/2022\\\/11\\\/pub-wordpress-energie.-with-Intuit.jpg&quot;},{&quot;id&quot;:697,&quot;url&quot;:&quot;http:\\\/\\\/charlesfequiere.com\\\/wp-content\\\/uploads\\\/2022\\\/11\\\/pub-wordpress-agriculture-4.jpg&quot;},{&quot;id&quot;:636,&quot;url&quot;:&quot;http:\\\/\\\/charlesfequiere.com\\\/wp-content\\\/uploads\\\/2022\\\/11\\\/pub-wordpress-construction-3.jpg&quot;}],&quot;background_slideshow_loop&quot;:&quot;yes&quot;,&quot;background_slideshow_slide_duration&quot;:5000,&quot;background_slideshow_slide_transition&quot;:&quot;fade&quot;,&quot;background_slideshow_transition_duration&quot;:500}\">\n\t\t\t\t\t\t\t<div class=\"elementor-background-overlay\"><\/div>\n\t\t\t\t\t\t\t<div class=\"elementor-container elementor-column-gap-no\">\n\t\t\t\t\t<div class=\"elementor-column elementor-col-100 elementor-top-column elementor-element elementor-element-93e7157\" data-id=\"93e7157\" data-element_type=\"column\">\n\t\t\t<div class=\"elementor-widget-wrap\">\n\t\t\t\t\t\t\t<\/div>\n\t\t<\/div>\n\t\t\t\t\t<\/div>\n\t\t<\/section>\n\t\t\t\t<section class=\"elementor-section elementor-top-section elementor-element elementor-element-ece1146 elementor-section-boxed elementor-section-height-default elementor-section-height-default\" data-id=\"ece1146\" data-element_type=\"section\" data-settings=\"{&quot;background_background&quot;:&quot;classic&quot;}\">\n\t\t\t\t\t\t\t<div class=\"elementor-background-overlay\"><\/div>\n\t\t\t\t\t\t\t<div class=\"elementor-container elementor-column-gap-default\">\n\t\t\t\t\t<div class=\"elementor-column elementor-col-50 elementor-top-column elementor-element elementor-element-685e229\" data-id=\"685e229\" data-element_type=\"column\">\n\t\t\t<div class=\"elementor-widget-wrap elementor-element-populated\">\n\t\t\t\t\t\t<div class=\"elementor-element elementor-element-603e6b2 elementor-widget elementor-widget-image\" data-id=\"603e6b2\" data-element_type=\"widget\" data-widget_type=\"image.default\">\n\t\t\t\t<div class=\"elementor-widget-container\">\n\t\t\t\t\t\t\t\t\t\t\t\t\t\t\t<img fetchpriority=\"high\" decoding=\"async\" width=\"514\" height=\"418\" src=\"https:\/\/charlesfequiere.com\/wp-content\/uploads\/2022\/11\/immeuble-charles-fequiere-et-cie.jpg\" class=\"attachment-large size-large wp-image-678\" alt=\"\" srcset=\"http:\/\/charlesfequiere.com\/wp-content\/uploads\/2022\/11\/immeuble-charles-fequiere-et-cie.jpg 514w, http:\/\/charlesfequiere.com\/wp-content\/uploads\/2022\/11\/immeuble-charles-fequiere-et-cie-300x244.jpg 300w\" sizes=\"(max-width: 514px) 100vw, 514px\" \/>\t\t\t\t\t\t\t\t\t\t\t\t\t\t\t<\/div>\n\t\t\t\t<\/div>\n\t\t\t\t\t<\/div>\n\t\t<\/div>\n\t\t\t\t<div class=\"elementor-column elementor-col-50 elementor-top-column elementor-element elementor-element-e56c83c\" data-id=\"e56c83c\" data-element_type=\"column\">\n\t\t\t<div class=\"elementor-widget-wrap elementor-element-populated\">\n\t\t\t\t\t\t<div class=\"elementor-element elementor-element-f99276a elementor-widget elementor-widget-heading\" data-id=\"f99276a\" data-element_type=\"widget\" data-widget_type=\"heading.default\">\n\t\t\t\t<div class=\"elementor-widget-container\">\n\t\t\t\t\t<h2 class=\"elementor-heading-title elementor-size-default\">Charles F\u00e9qui\u00e8re S.A.<\/h2>\t\t\t\t<\/div>\n\t\t\t\t<\/div>\n\t\t\t\t<div class=\"elementor-element elementor-element-ce9ee61 elementor-widget-divider--view-line elementor-widget elementor-widget-divider\" data-id=\"ce9ee61\" data-element_type=\"widget\" data-widget_type=\"divider.default\">\n\t\t\t\t<div class=\"elementor-widget-container\">\n\t\t\t\t\t\t\t<div class=\"elementor-divider\">\n\t\t\t<span class=\"elementor-divider-separator\">\n\t\t\t\t\t\t<\/span>\n\t\t<\/div>\n\t\t\t\t\t\t<\/div>\n\t\t\t\t<\/div>\n\t\t\t\t<div class=\"elementor-element elementor-element-e0876a3 elementor-widget elementor-widget-text-editor\" data-id=\"e0876a3\" data-element_type=\"widget\" data-widget_type=\"text-editor.default\">\n\t\t\t\t<div class=\"elementor-widget-container\">\n\t\t\t\t\t\t\t\t\t<p>Au service de la client\u00e8le Ha\u00eftienne depuis 1938<\/p>\t\t\t\t\t\t\t\t<\/div>\n\t\t\t\t<\/div>\n\t\t\t\t\t<\/div>\n\t\t<\/div>\n\t\t\t\t\t<\/div>\n\t\t<\/section>\n\t\t\t\t<section class=\"elementor-section elementor-top-section elementor-element elementor-element-7e21b87 elementor-section-boxed elementor-section-height-default elementor-section-height-default\" data-id=\"7e21b87\" data-element_type=\"section\">\n\t\t\t\t\t\t<div class=\"elementor-container elementor-column-gap-no\">\n\t\t\t\t\t<div class=\"elementor-column elementor-col-33 elementor-top-column elementor-element elementor-element-ecf0f71\" data-id=\"ecf0f71\" data-element_type=\"column\" data-settings=\"{&quot;background_background&quot;:&quot;classic&quot;}\">\n\t\t\t<div class=\"elementor-widget-wrap elementor-element-populated\">\n\t\t\t\t\t<div class=\"elementor-background-overlay\"><\/div>\n\t\t\t\t\t\t<div class=\"elementor-element elementor-element-40c051ee elementor-widget elementor-widget-heading\" data-id=\"40c051ee\" data-element_type=\"widget\" data-widget_type=\"heading.default\">\n\t\t\t\t<div class=\"elementor-widget-container\">\n\t\t\t\t\t<h2 class=\"elementor-heading-title elementor-size-default\">Consultation<\/h2>\t\t\t\t<\/div>\n\t\t\t\t<\/div>\n\t\t\t\t\t<\/div>\n\t\t<\/div>\n\t\t\t\t<div class=\"elementor-column elementor-col-33 elementor-top-column elementor-element elementor-element-8ee04f9\" data-id=\"8ee04f9\" data-element_type=\"column\" data-settings=\"{&quot;background_background&quot;:&quot;classic&quot;}\">\n\t\t\t<div class=\"elementor-widget-wrap elementor-element-populated\">\n\t\t\t\t\t<div class=\"elementor-background-overlay\"><\/div>\n\t\t\t\t\t\t<div class=\"elementor-element elementor-element-2cb5ae60 elementor-widget elementor-widget-heading\" data-id=\"2cb5ae60\" data-element_type=\"widget\" data-widget_type=\"heading.default\">\n\t\t\t\t<div class=\"elementor-widget-container\">\n\t\t\t\t\t<h2 class=\"elementor-heading-title elementor-size-default\"><a href=\"\/services\/#service-2\">Vente<\/a><\/h2>\t\t\t\t<\/div>\n\t\t\t\t<\/div>\n\t\t\t\t\t<\/div>\n\t\t<\/div>\n\t\t\t\t<div class=\"elementor-column elementor-col-33 elementor-top-column elementor-element elementor-element-aaf2547\" data-id=\"aaf2547\" data-element_type=\"column\" data-settings=\"{&quot;background_background&quot;:&quot;classic&quot;}\">\n\t\t\t<div class=\"elementor-widget-wrap elementor-element-populated\">\n\t\t\t\t\t<div class=\"elementor-background-overlay\"><\/div>\n\t\t\t\t\t\t<div class=\"elementor-element elementor-element-c2e7812 elementor-widget elementor-widget-heading\" data-id=\"c2e7812\" data-element_type=\"widget\" data-widget_type=\"heading.default\">\n\t\t\t\t<div class=\"elementor-widget-container\">\n\t\t\t\t\t<h2 class=\"elementor-heading-title elementor-size-default\"><a href=\"\/services\/#service-3\">Service Apr\u00e8s Vente<\/a><\/h2>\t\t\t\t<\/div>\n\t\t\t\t<\/div>\n\t\t\t\t\t<\/div>\n\t\t<\/div>\n\t\t\t\t\t<\/div>\n\t\t<\/section>\n\t\t\t\t<section class=\"elementor-section elementor-top-section elementor-element elementor-element-34277c67 elementor-section-boxed elementor-section-height-default elementor-section-height-default\" data-id=\"34277c67\" data-element_type=\"section\">\n\t\t\t\t\t\t<div class=\"elementor-container elementor-column-gap-wider\">\n\t\t\t\t\t<div class=\"elementor-column elementor-col-50 elementor-top-column elementor-element elementor-element-217497e3\" data-id=\"217497e3\" data-element_type=\"column\">\n\t\t\t<div class=\"elementor-widget-wrap elementor-element-populated\">\n\t\t\t\t\t\t<div class=\"elementor-element elementor-element-25666558 elementor-widget elementor-widget-heading\" data-id=\"25666558\" data-element_type=\"widget\" data-widget_type=\"heading.default\">\n\t\t\t\t<div class=\"elementor-widget-container\">\n\t\t\t\t\t<h2 class=\"elementor-heading-title elementor-size-default\">La Compagnie Charles F\u00e9qui\u00e8re \u00e0 Port-au-Prince<\/h2>\t\t\t\t<\/div>\n\t\t\t\t<\/div>\n\t\t\t\t\t<\/div>\n\t\t<\/div>\n\t\t\t\t<div class=\"elementor-column elementor-col-50 elementor-top-column elementor-element elementor-element-2d17052\" data-id=\"2d17052\" data-element_type=\"column\">\n\t\t\t<div class=\"elementor-widget-wrap elementor-element-populated\">\n\t\t\t\t\t\t<div class=\"elementor-element elementor-element-77680b8d elementor-widget elementor-widget-text-editor\" data-id=\"77680b8d\" data-element_type=\"widget\" data-widget_type=\"text-editor.default\">\n\t\t\t\t<div class=\"elementor-widget-container\">\n\t\t\t\t\t\t\t\t\t<p>L&#8217;1mmeuble de la Charles F\u00e9qui\u00e8re S.A.\u00a0 \u00e0 la rue Pav\u00e9e, a \u00e9t\u00e9 construite par l&#8217;ingenieur Charles F\u00e9qui\u00e8re dans les ann\u00e9es 50. Cette construction est rest\u00e9e intact apr\u00e8s le tremblement de terre du 12 janvier 2010 qui a fait des d\u00e9gats considerables au centre ville de Port-au-Prince.<\/p>\t\t\t\t\t\t\t\t<\/div>\n\t\t\t\t<\/div>\n\t\t\t\t<div class=\"elementor-element elementor-element-ed8b38d elementor-widget elementor-widget-button\" data-id=\"ed8b38d\" data-element_type=\"widget\" data-widget_type=\"button.default\">\n\t\t\t\t<div class=\"elementor-widget-container\">\n\t\t\t\t\t\t\t\t\t<div class=\"elementor-button-wrapper\">\n\t\t\t\t\t<a class=\"elementor-button elementor-button-link elementor-size-sm\" href=\"https:\/\/charlesfequiere.com\/index.php\/about\/\">\n\t\t\t\t\t\t<span class=\"elementor-button-content-wrapper\">\n\t\t\t\t\t\t\t\t\t<span class=\"elementor-button-text\">Notre histoire<\/span>\n\t\t\t\t\t<\/span>\n\t\t\t\t\t<\/a>\n\t\t\t\t<\/div>\n\t\t\t\t\t\t\t\t<\/div>\n\t\t\t\t<\/div>\n\t\t\t\t\t<\/div>\n\t\t<\/div>\n\t\t\t\t\t<\/div>\n\t\t<\/section>\n\t\t\t\t<section class=\"elementor-section elementor-top-section elementor-element elementor-element-0d2ef4a elementor-section-boxed elementor-section-height-default elementor-section-height-default\" data-id=\"0d2ef4a\" data-element_type=\"section\">\n\t\t\t\t\t\t<div class=\"elementor-container elementor-column-gap-default\">\n\t\t\t\t\t<div class=\"elementor-column elementor-col-100 elementor-top-column elementor-element elementor-element-1080fe3\" data-id=\"1080fe3\" data-element_type=\"column\">\n\t\t\t<div class=\"elementor-widget-wrap\">\n\t\t\t\t\t\t\t<\/div>\n\t\t<\/div>\n\t\t\t\t\t<\/div>\n\t\t<\/section>\n\t\t\t\t<section class=\"elementor-section elementor-top-section elementor-element elementor-element-4fa11189 elementor-section-boxed elementor-section-height-default elementor-section-height-default\" data-id=\"4fa11189\" data-element_type=\"section\" data-settings=\"{&quot;background_background&quot;:&quot;classic&quot;}\">\n\t\t\t\t\t\t<div class=\"elementor-container elementor-column-gap-no\">\n\t\t\t\t\t<div class=\"elementor-column elementor-col-100 elementor-top-column elementor-element elementor-element-6a0cb495\" data-id=\"6a0cb495\" data-element_type=\"column\">\n\t\t\t<div class=\"elementor-widget-wrap elementor-element-populated\">\n\t\t\t\t\t\t<div class=\"elementor-element elementor-element-4d9d9662 gallery-spacing-custom elementor-widget elementor-widget-image-gallery\" data-id=\"4d9d9662\" data-element_type=\"widget\" data-settings=\"{&quot;_animation&quot;:&quot;none&quot;}\" data-widget_type=\"image-gallery.default\">\n\t\t\t\t<div class=\"elementor-widget-container\">\n\t\t\t\t\t\t\t<div class=\"elementor-image-gallery\">\n\t\t\t<div id='gallery-1' class='gallery galleryid-213 gallery-columns-3 gallery-size-medium'><figure class='gallery-item'>\n\t\t\t<div class='gallery-icon landscape'>\n\t\t\t\t<a data-elementor-open-lightbox=\"yes\" data-elementor-lightbox-slideshow=\"4d9d9662\" data-elementor-lightbox-title=\"Foire de la construction Matcon 2015\" data-e-action-hash=\"#elementor-action%3Aaction%3Dlightbox%26settings%3DeyJpZCI6NzE3LCJ1cmwiOiJodHRwczpcL1wvY2hhcmxlc2ZlcXVpZXJlLmNvbVwvd3AtY29udGVudFwvdXBsb2Fkc1wvMjAyMlwvMTFcL01hdGNvbi1mb2lyZS0yMDE2LTEuanBnIiwic2xpZGVzaG93IjoiNGQ5ZDk2NjIifQ%3D%3D\" href='https:\/\/charlesfequiere.com\/wp-content\/uploads\/2022\/11\/Matcon-foire-2016-1.jpg'><img decoding=\"async\" width=\"300\" height=\"300\" src=\"https:\/\/charlesfequiere.com\/wp-content\/uploads\/2022\/11\/Matcon-foire-2016-1-300x300.jpg\" class=\"attachment-medium size-medium\" alt=\"\" aria-describedby=\"gallery-1-717\" srcset=\"http:\/\/charlesfequiere.com\/wp-content\/uploads\/2022\/11\/Matcon-foire-2016-1-300x300.jpg 300w, http:\/\/charlesfequiere.com\/wp-content\/uploads\/2022\/11\/Matcon-foire-2016-1-150x150.jpg 150w, http:\/\/charlesfequiere.com\/wp-content\/uploads\/2022\/11\/Matcon-foire-2016-1.jpg 650w\" sizes=\"(max-width: 300px) 100vw, 300px\" \/><\/a>\n\t\t\t<\/div>\n\t\t\t\t<figcaption class='wp-caption-text gallery-caption' id='gallery-1-717'>\n\t\t\t\tFoire de la Construction Matcon 2015\n\t\t\t\t<\/figcaption><\/figure><figure class='gallery-item'>\n\t\t\t<div class='gallery-icon landscape'>\n\t\t\t\t<a data-elementor-open-lightbox=\"yes\" data-elementor-lightbox-slideshow=\"4d9d9662\" data-elementor-lightbox-title=\"Foire de la construction Matcon 2015\" data-e-action-hash=\"#elementor-action%3Aaction%3Dlightbox%26settings%3DeyJpZCI6NzI3LCJ1cmwiOiJodHRwczpcL1wvY2hhcmxlc2ZlcXVpZXJlLmNvbVwvd3AtY29udGVudFwvdXBsb2Fkc1wvMjAyMlwvMTJcL01hdGNvbi0yMDE1LTQuanBnIiwic2xpZGVzaG93IjoiNGQ5ZDk2NjIifQ%3D%3D\" href='https:\/\/charlesfequiere.com\/wp-content\/uploads\/2022\/12\/Matcon-2015-4.jpg'><img decoding=\"async\" width=\"300\" height=\"300\" src=\"https:\/\/charlesfequiere.com\/wp-content\/uploads\/2022\/12\/Matcon-2015-4-300x300.jpg\" class=\"attachment-medium size-medium\" alt=\"\" aria-describedby=\"gallery-1-727\" srcset=\"http:\/\/charlesfequiere.com\/wp-content\/uploads\/2022\/12\/Matcon-2015-4-300x300.jpg 300w, http:\/\/charlesfequiere.com\/wp-content\/uploads\/2022\/12\/Matcon-2015-4-150x150.jpg 150w, http:\/\/charlesfequiere.com\/wp-content\/uploads\/2022\/12\/Matcon-2015-4.jpg 650w\" sizes=\"(max-width: 300px) 100vw, 300px\" \/><\/a>\n\t\t\t<\/div>\n\t\t\t\t<figcaption class='wp-caption-text gallery-caption' id='gallery-1-727'>\n\t\t\t\tFoire de la construction Matcon 2015\n\t\t\t\t<\/figcaption><\/figure><figure class='gallery-item'>\n\t\t\t<div class='gallery-icon landscape'>\n\t\t\t\t<a data-elementor-open-lightbox=\"yes\" data-elementor-lightbox-slideshow=\"4d9d9662\" data-elementor-lightbox-title=\"Foire de la construction Matcon 2015\" data-e-action-hash=\"#elementor-action%3Aaction%3Dlightbox%26settings%3DeyJpZCI6NzI5LCJ1cmwiOiJodHRwczpcL1wvY2hhcmxlc2ZlcXVpZXJlLmNvbVwvd3AtY29udGVudFwvdXBsb2Fkc1wvMjAyMlwvMTJcL01hdGNvbi0yMDE1LTIuanBnIiwic2xpZGVzaG93IjoiNGQ5ZDk2NjIifQ%3D%3D\" href='https:\/\/charlesfequiere.com\/wp-content\/uploads\/2022\/12\/Matcon-2015-2.jpg'><img loading=\"lazy\" decoding=\"async\" width=\"300\" height=\"300\" src=\"https:\/\/charlesfequiere.com\/wp-content\/uploads\/2022\/12\/Matcon-2015-2-300x300.jpg\" class=\"attachment-medium size-medium\" alt=\"\" aria-describedby=\"gallery-1-729\" srcset=\"http:\/\/charlesfequiere.com\/wp-content\/uploads\/2022\/12\/Matcon-2015-2-300x300.jpg 300w, http:\/\/charlesfequiere.com\/wp-content\/uploads\/2022\/12\/Matcon-2015-2-150x150.jpg 150w, http:\/\/charlesfequiere.com\/wp-content\/uploads\/2022\/12\/Matcon-2015-2.jpg 650w\" sizes=\"(max-width: 300px) 100vw, 300px\" \/><\/a>\n\t\t\t<\/div>\n\t\t\t\t<figcaption class='wp-caption-text gallery-caption' id='gallery-1-729'>\n\t\t\t\tFoire Matcon 2015 Solar house\n\t\t\t\t<\/figcaption><\/figure><figure class='gallery-item'>\n\t\t\t<div class='gallery-icon landscape'>\n\t\t\t\t<a data-elementor-open-lightbox=\"yes\" data-elementor-lightbox-slideshow=\"4d9d9662\" data-elementor-lightbox-title=\"Foire de la construction Matcon 2015\" data-e-action-hash=\"#elementor-action%3Aaction%3Dlightbox%26settings%3DeyJpZCI6OTAzLCJ1cmwiOiJodHRwczpcL1wvY2hhcmxlc2ZlcXVpZXJlLmNvbVwvd3AtY29udGVudFwvdXBsb2Fkc1wvMjAyM1wvMDFcL0ZvaXJlLWRlLWwtRW5lcmdpZS1hLUUtUG93ZXItMjAxNi1iLmpwZyIsInNsaWRlc2hvdyI6IjRkOWQ5NjYyIn0%3D\" href='https:\/\/charlesfequiere.com\/wp-content\/uploads\/2023\/01\/Foire-de-l-Energie-a-E-Power-2016-b.jpg'><img loading=\"lazy\" decoding=\"async\" width=\"300\" height=\"300\" src=\"https:\/\/charlesfequiere.com\/wp-content\/uploads\/2023\/01\/Foire-de-l-Energie-a-E-Power-2016-b.jpg\" class=\"attachment-medium size-medium\" alt=\"\" aria-describedby=\"gallery-1-903\" srcset=\"http:\/\/charlesfequiere.com\/wp-content\/uploads\/2023\/01\/Foire-de-l-Energie-a-E-Power-2016-b.jpg 300w, http:\/\/charlesfequiere.com\/wp-content\/uploads\/2023\/01\/Foire-de-l-Energie-a-E-Power-2016-b-150x150.jpg 150w\" sizes=\"(max-width: 300px) 100vw, 300px\" \/><\/a>\n\t\t\t<\/div>\n\t\t\t\t<figcaption class='wp-caption-text gallery-caption' id='gallery-1-903'>\n\t\t\t\tFoire de l Energie \u00e0 E-Power 2016\n\t\t\t\t<\/figcaption><\/figure>\n\t\t<\/div>\n\t\t<\/div>\n\t\t\t\t\t\t<\/div>\n\t\t\t\t<\/div>\n\t\t\t\t\t<\/div>\n\t\t<\/div>\n\t\t\t\t\t<\/div>\n\t\t<\/section>\n\t\t\t\t<\/div>\n\t\t","protected":false},"excerpt":{"rendered":"<p>Charles F\u00e9qui\u00e8re S.A. Au service de la client\u00e8le Ha\u00eftienne depuis 1938 Consultation Vente Service Apr\u00e8s Vente La Compagnie Charles F\u00e9qui\u00e8re \u00e0 Port-au-Prince L&#8217;1mmeuble de la Charles F\u00e9qui\u00e8re S.A.\u00a0 \u00e0 la rue Pav\u00e9e, a \u00e9t\u00e9 construite par l&#8217;ingenieur Charles F\u00e9qui\u00e8re dans les ann\u00e9es 50. Cette construction est rest\u00e9e intact apr\u00e8s le tremblement de terre du 12 &hellip;<\/p>\n<p class=\"read-more\"> <a class=\"\" href=\"https:\/\/charlesfequiere.com\/\"> <span class=\"screen-reader-text\">A Propos<\/span> Read More &raquo;<\/a><\/p>\n","protected":false},"author":1,"featured_media":0,"parent":0,"menu_order":0,"comment_status":"closed","ping_status":"closed","template":"","meta":{"site-sidebar-layout":"no-sidebar","site-content-layout":"page-builder","ast-global-header-display":"","ast-main-header-display":"","ast-hfb-above-header-display":"","ast-hfb-below-header-display":"","ast-hfb-mobile-header-display":"","site-post-title":"disabled","ast-breadcrumbs-content":"","ast-featured-img":"","footer-sml-layout":"","theme-transparent-header-meta":"enabled","adv-header-id-meta":"","stick-header-meta":"","header-above-stick-meta":"","header-main-stick-meta":"","header-below-stick-meta":"","footnotes":""},"class_list":["post-213","page","type-page","status-publish","hentry"],"_links":{"self":[{"href":"https:\/\/charlesfequiere.com\/index.php\/wp-json\/wp\/v2\/pages\/213","targetHints":{"allow":["GET"]}}],"collection":[{"href":"https:\/\/charlesfequiere.com\/index.php\/wp-json\/wp\/v2\/pages"}],"about":[{"href":"https:\/\/charlesfequiere.com\/index.php\/wp-json\/wp\/v2\/types\/page"}],"author":[{"embeddable":true,"href":"https:\/\/charlesfequiere.com\/index.php\/wp-json\/wp\/v2\/users\/1"}],"replies":[{"embeddable":true,"href":"https:\/\/charlesfequiere.com\/index.php\/wp-json\/wp\/v2\/comments?post=213"}],"version-history":[{"count":165,"href":"https:\/\/charlesfequiere.com\/index.php\/wp-json\/wp\/v2\/pages\/213\/revisions"}],"predecessor-version":[{"id":1185,"href":"https:\/\/charlesfequiere.com\/index.php\/wp-json\/wp\/v2\/pages\/213\/revisions\/1185"}],"wp:attachment":[{"href":"https:\/\/charlesfequiere.com\/index.php\/wp-json\/wp\/v2\/media?parent=213"}],"curies":[{"name":"wp","href":"https:\/\/api.w.org\/{rel}","templated":true}]}}